{"id":267,"date":"2023-08-27T12:19:52","date_gmt":"2023-08-27T12:19:52","guid":{"rendered":"https:\/\/www.cerrajeromadridcerca.com\/?page_id=267"},"modified":"2023-08-27T12:19:52","modified_gmt":"2023-08-27T12:19:52","slug":"articulos-cerrajeria-madrid","status":"publish","type":"page","link":"https:\/\/www.cerrajerovalenciacerca.com\/index.php\/articulos-cerrajeria-madrid\/","title":{"rendered":"Art\u00edculos"},"content":{"rendered":"\t\t<div data-elementor-type=\"wp-page\" data-elementor-id=\"267\" class=\"elementor elementor-267\" data-elementor-settings=\"{&quot;ha_cmc_init_switcher&quot;:&quot;no&quot;}\">\n\t\t\t\t\t\t<section class=\"elementor-section elementor-top-section elementor-element elementor-element-3eacf3c6 elementor-section-boxed elementor-section-height-default elementor-section-height-default\" data-id=\"3eacf3c6\" data-element_type=\"section\" data-e-type=\"section\" id=\"xs_blog_dark_full_grid_2\" data-settings=\"{&quot;_ha_eqh_enable&quot;:false}\">\n\t\t\t\t\t\t<div class=\"elementor-container elementor-column-gap-default\">\n\t\t\t\t\t<div class=\"elementor-column elementor-col-100 elementor-top-column elementor-element elementor-element-370f2746\" data-id=\"370f2746\" data-element_type=\"column\" data-e-type=\"column\">\n\t\t\t<div class=\"elementor-widget-wrap elementor-element-populated\">\n\t\t\t\t\t\t<div class=\"elementor-element elementor-element-707affb7 elementor-widget elementor-widget-elementskit-heading\" data-id=\"707affb7\" data-element_type=\"widget\" data-e-type=\"widget\" data-widget_type=\"elementskit-heading.default\">\n\t\t\t\t<div class=\"elementor-widget-container\">\n\t\t\t\t\t<div class=\"ekit-wid-con\" ><div class=\"ekit-heading elementskit-section-title-wraper center   ekit_heading_tablet-   ekit_heading_mobile-\"><h2 class=\"ekit-heading--title elementskit-section-title \">Mantente informado del mundo de la Cerrajer\u00eda<\/h2><div class=\"ekit_heading_separetor_wraper ekit_heading_elementskit-border-divider ekit-dotted\"><div class=\"elementskit-border-divider ekit-dotted\"><\/div><\/div>\t\t\t\t<div class='ekit-heading__description'>\n\t\t\t\t\t<p>Aqu\u00ed puedes encontrar varios art\u00edculos que te dar\u00e1n datos e informaci\u00f3n \u00fatil acerca de la cerrajer\u00eda y sus tipos de servicios.<\/p>\n\t\t\t\t<\/div>\n\t\t\t<\/div><\/div>\t\t\t\t<\/div>\n\t\t\t\t<\/div>\n\t\t\t\t<div class=\"elementor-element elementor-element-706096ed elementor-widget elementor-widget-elementskit-blog-posts\" data-id=\"706096ed\" data-element_type=\"widget\" data-e-type=\"widget\" data-widget_type=\"elementskit-blog-posts.default\">\n\t\t\t\t<div class=\"elementor-widget-container\">\n\t\t\t\t\t<div class=\"ekit-wid-con\" >        <div id=\"post-items--706096ed\" class=\"row post-items\">\n                    <div class=\"col-md-12\">\n\n                                    <div class=\"elementskit-blog-block-post\">\n                        <div class=\"row no-gutters\">\n                            \n                            <div class=\"col-md-12 order-1\">\n                                <div class=\"elementskit-post-body \">\n                                    <div class=\"elementskit-entry-header\">\n                                        \n                                                                                            \t\t\t\t\t\t\t\t\t\t\t<div class=\"post-meta-list\">\n\t\t\t\t\t\t\t\t\t\t\t\t\t\t\t\t\t\t\t\t\t\t\t\t\t\t\t\t\t\t\t\t<span class=\"meta-date\">\n\t\t\t\t\t\t\t\t\t\t<i aria-hidden=\"true\" class=\"icon icon-calendar3\"><\/i>\t\t\t\t\t\t\t\t\t\t<span class=\"meta-date-text\">\n\t\t\t\t\t\t\t\t\t\t\tseptiembre 2, 2023\t\t\t\t\t\t\t\t\t\t<\/span>\n\t\t\t\t\t\t\t\t\t<\/span>\n\t\t\t\t\t\t\t\t\t\t\t\t\t\t\t\t\t\t\t\t\t\t\t\t\t\t\t\t\t\t\t\t\t\t\t\t\t\t\t\t\t\t\t\t\t\t\t\t\t\t\t\t\t\t\t\t\t\t\t\t\t\t\t\t<span class=\"post-cat\">\n\t\t\t\t\t\t\t\t\t\t<i aria-hidden=\"true\" class=\"icon icon-folder\"><\/i>\t\t\t\t\t\t\t\t\t\t<a href=\"https:\/\/www.cerrajerovalenciacerca.com\/index.php\/category\/uncategorized\/\" rel=\"category tag\">Uncategorized<\/a>\t\t\t\t\t\t\t\t\t<\/span>\n\t\t\t\t\t\t\t\t\t\t\t\t\t\t\t\t\t\t\t\t\t\t\t\t\t\t\t\t\t<\/div>\n\t\t\t\t\t                                            \n                                            \n                                                                                            \t\t\t\t<h2 class=\"entry-title\">\n\t\t\t\t\t<a href=\"https:\/\/www.cerrajerovalenciacerca.com\/index.php\/2023\/09\/02\/hello-world\/\">\n\t\t\t\t\t\tHello world!\t\t\t\t\t<\/a>\n\t\t\t\t<\/h2>\n\t\t\t                                                                                <\/div><!-- .elementskit-entry-header END -->\n\n                                                                            <div class=\"elementskit-post-footer\">\n                                                                                            <p>Welcome to WordPress. This is your first post. Edit or delete it, then start writing!<\/p>\n                                                                                                                                <\/div><!-- .elementskit-post-footer END -->\n                                                                    <\/div><!-- .elementskit-post-body END -->\n                            <\/div>\n                        <\/div>\n                    <\/div><!-- .elementskit-blog-block-post .radius .gradient-bg END -->\n                \n            <\/div>\n                <\/div>\n       <\/div>\t\t\t\t<\/div>\n\t\t\t\t<\/div>\n\t\t\t\t\t<\/div>\n\t\t<\/div>\n\t\t\t\t\t<\/div>\n\t\t<\/section>\n\t\t\t\t<\/div>\n\t\t","protected":false},"excerpt":{"rendered":"<p>Mantente informado del mundo de la Cerrajer\u00eda Aqu\u00ed puedes encontrar varios art\u00edculos que te dar\u00e1n datos e informaci\u00f3n \u00fatil acerca de la cerrajer\u00eda y sus tipos de servicios. agosto 25, 2023 Uncategorized Hello world! Welcome to WordPress. This is your first post. Edit or delete it, then start writing!<\/p>\n","protected":false},"author":1,"featured_media":0,"parent":0,"menu_order":0,"comment_status":"closed","ping_status":"closed","template":"","meta":{"site-sidebar-layout":"no-sidebar","site-content-layout":"page-builder","ast-site-content-layout":"default","site-content-style":"default","site-sidebar-style":"default","ast-global-header-display":"","ast-banner-title-visibility":"","ast-main-header-display":"","ast-hfb-above-header-display":"","ast-hfb-below-header-display":"","ast-hfb-mobile-header-display":"","site-post-title":"disabled","ast-breadcrumbs-content":"","ast-featured-img":"disabled","footer-sml-layout":"","ast-disable-related-posts":"","theme-transparent-header-meta":"","adv-header-id-meta":"","stick-header-meta":"","header-above-stick-meta":"","header-main-stick-meta":"","header-below-stick-meta":"","astra-migrate-meta-layouts":"default","ast-page-background-enabled":"default","ast-page-background-meta":{"desktop":{"background-color":"var(--ast-global-color-4)","background-image":"","background-repeat":"repeat","background-position":"center center","background-size":"auto","background-attachment":"scroll","background-type":"","background-media":"","overlay-type":"","overlay-color":"","overlay-opacity":"","overlay-gradient":""},"tablet":{"background-color":"","background-image":"","background-repeat":"repeat","background-position":"center center","background-size":"auto","background-attachment":"scroll","background-type":"","background-media":"","overlay-type":"","overlay-color":"","overlay-opacity":"","overlay-gradient":""},"mobile":{"background-color":"","background-image":"","background-repeat":"repeat","background-position":"center center","background-size":"auto","background-attachment":"scroll","background-type":"","background-media":"","overlay-type":"","overlay-color":"","overlay-opacity":"","overlay-gradient":""}},"ast-content-background-meta":{"desktop":{"background-color":"var(--ast-global-color-5)","background-image":"","background-repeat":"repeat","background-position":"center center","background-size":"auto","background-attachment":"scroll","background-type":"","background-media":"","overlay-type":"","overlay-color":"","overlay-opacity":"","overlay-gradient":""},"tablet":{"background-color":"var(--ast-global-color-5)","background-image":"","background-repeat":"repeat","background-position":"center center","background-size":"auto","background-attachment":"scroll","background-type":"","background-media":"","overlay-type":"","overlay-color":"","overlay-opacity":"","overlay-gradient":""},"mobile":{"background-color":"var(--ast-global-color-5)","background-image":"","background-repeat":"repeat","background-position":"center center","background-size":"auto","background-attachment":"scroll","background-type":"","background-media":"","overlay-type":"","overlay-color":"","overlay-opacity":"","overlay-gradient":""}},"footnotes":""},"class_list":["post-267","page","type-page","status-publish","hentry"],"yoast_head":"<!-- This site is optimized with the Yoast SEO plugin v27.4 - https:\/\/yoast.com\/product\/yoast-seo-wordpress\/ -->\n<title>Art\u00edculos sobre Cerrajer\u00eda en Madrid - Consejos y Noticias<\/title>\n<meta name=\"description\" content=\"Lee nuestros art\u00edculos sobre cerrajer\u00eda en Madrid. Encuentra consejos \u00fatiles y noticias relacionadas con la cerrajer\u00eda en la ciudad. Mantente informado con nosotros.\" \/>\n<meta name=\"robots\" content=\"index, follow, max-snippet:-1, max-image-preview:large, max-video-preview:-1\" \/>\n<link rel=\"canonical\" href=\"https:\/\/www.cerrajerovalenciacerca.com\/index.php\/articulos-cerrajeria-madrid\/\" \/>\n<meta property=\"og:locale\" content=\"es_ES\" \/>\n<meta property=\"og:type\" content=\"article\" \/>\n<meta property=\"og:title\" content=\"Art\u00edculos sobre Cerrajer\u00eda en Madrid - Consejos y Noticias\" \/>\n<meta property=\"og:description\" content=\"Lee nuestros art\u00edculos sobre cerrajer\u00eda en Madrid. Encuentra consejos \u00fatiles y noticias relacionadas con la cerrajer\u00eda en la ciudad. Mantente informado con nosotros.\" \/>\n<meta property=\"og:url\" content=\"https:\/\/www.cerrajerovalenciacerca.com\/index.php\/articulos-cerrajeria-madrid\/\" \/>\n<meta property=\"og:site_name\" content=\"CerrajeroValenciaCerca\" \/>\n<meta name=\"twitter:card\" content=\"summary_large_image\" \/>\n<meta name=\"twitter:label1\" content=\"Tiempo de lectura\" \/>\n\t<meta name=\"twitter:data1\" content=\"1 minuto\" \/>\n<script type=\"application\/ld+json\" class=\"yoast-schema-graph\">{\"@context\":\"https:\\\/\\\/schema.org\",\"@graph\":[{\"@type\":\"WebPage\",\"@id\":\"https:\\\/\\\/www.cerrajerovalenciacerca.com\\\/index.php\\\/articulos-cerrajeria-madrid\\\/\",\"url\":\"https:\\\/\\\/www.cerrajerovalenciacerca.com\\\/index.php\\\/articulos-cerrajeria-madrid\\\/\",\"name\":\"Art\u00edculos sobre Cerrajer\u00eda en Madrid - Consejos y Noticias\",\"isPartOf\":{\"@id\":\"https:\\\/\\\/www.cerrajerovalenciacerca.com\\\/#website\"},\"datePublished\":\"2023-08-27T12:19:52+00:00\",\"description\":\"Lee nuestros art\u00edculos sobre cerrajer\u00eda en Madrid. Encuentra consejos \u00fatiles y noticias relacionadas con la cerrajer\u00eda en la ciudad. Mantente informado con nosotros.\",\"breadcrumb\":{\"@id\":\"https:\\\/\\\/www.cerrajerovalenciacerca.com\\\/index.php\\\/articulos-cerrajeria-madrid\\\/#breadcrumb\"},\"inLanguage\":\"es\",\"potentialAction\":[{\"@type\":\"ReadAction\",\"target\":[\"https:\\\/\\\/www.cerrajerovalenciacerca.com\\\/index.php\\\/articulos-cerrajeria-madrid\\\/\"]}]},{\"@type\":\"BreadcrumbList\",\"@id\":\"https:\\\/\\\/www.cerrajerovalenciacerca.com\\\/index.php\\\/articulos-cerrajeria-madrid\\\/#breadcrumb\",\"itemListElement\":[{\"@type\":\"ListItem\",\"position\":1,\"name\":\"Portada\",\"item\":\"https:\\\/\\\/www.cerrajerovalenciacerca.com\\\/\"},{\"@type\":\"ListItem\",\"position\":2,\"name\":\"Art\u00edculos\"}]},{\"@type\":\"WebSite\",\"@id\":\"https:\\\/\\\/www.cerrajerovalenciacerca.com\\\/#website\",\"url\":\"https:\\\/\\\/www.cerrajerovalenciacerca.com\\\/\",\"name\":\"CerrajeroValenciaCerca\",\"description\":\"\",\"potentialAction\":[{\"@type\":\"SearchAction\",\"target\":{\"@type\":\"EntryPoint\",\"urlTemplate\":\"https:\\\/\\\/www.cerrajerovalenciacerca.com\\\/?s={search_term_string}\"},\"query-input\":{\"@type\":\"PropertyValueSpecification\",\"valueRequired\":true,\"valueName\":\"search_term_string\"}}],\"inLanguage\":\"es\"}]}<\/script>\n<!-- \/ Yoast SEO plugin. -->","yoast_head_json":{"title":"Art\u00edculos sobre Cerrajer\u00eda en Madrid - Consejos y Noticias","description":"Lee nuestros art\u00edculos sobre cerrajer\u00eda en Madrid. Encuentra consejos \u00fatiles y noticias relacionadas con la cerrajer\u00eda en la ciudad. Mantente informado con nosotros.","robots":{"index":"index","follow":"follow","max-snippet":"max-snippet:-1","max-image-preview":"max-image-preview:large","max-video-preview":"max-video-preview:-1"},"canonical":"https:\/\/www.cerrajerovalenciacerca.com\/index.php\/articulos-cerrajeria-madrid\/","og_locale":"es_ES","og_type":"article","og_title":"Art\u00edculos sobre Cerrajer\u00eda en Madrid - Consejos y Noticias","og_description":"Lee nuestros art\u00edculos sobre cerrajer\u00eda en Madrid. Encuentra consejos \u00fatiles y noticias relacionadas con la cerrajer\u00eda en la ciudad. Mantente informado con nosotros.","og_url":"https:\/\/www.cerrajerovalenciacerca.com\/index.php\/articulos-cerrajeria-madrid\/","og_site_name":"CerrajeroValenciaCerca","twitter_card":"summary_large_image","twitter_misc":{"Tiempo de lectura":"1 minuto"},"schema":{"@context":"https:\/\/schema.org","@graph":[{"@type":"WebPage","@id":"https:\/\/www.cerrajerovalenciacerca.com\/index.php\/articulos-cerrajeria-madrid\/","url":"https:\/\/www.cerrajerovalenciacerca.com\/index.php\/articulos-cerrajeria-madrid\/","name":"Art\u00edculos sobre Cerrajer\u00eda en Madrid - Consejos y Noticias","isPartOf":{"@id":"https:\/\/www.cerrajerovalenciacerca.com\/#website"},"datePublished":"2023-08-27T12:19:52+00:00","description":"Lee nuestros art\u00edculos sobre cerrajer\u00eda en Madrid. Encuentra consejos \u00fatiles y noticias relacionadas con la cerrajer\u00eda en la ciudad. Mantente informado con nosotros.","breadcrumb":{"@id":"https:\/\/www.cerrajerovalenciacerca.com\/index.php\/articulos-cerrajeria-madrid\/#breadcrumb"},"inLanguage":"es","potentialAction":[{"@type":"ReadAction","target":["https:\/\/www.cerrajerovalenciacerca.com\/index.php\/articulos-cerrajeria-madrid\/"]}]},{"@type":"BreadcrumbList","@id":"https:\/\/www.cerrajerovalenciacerca.com\/index.php\/articulos-cerrajeria-madrid\/#breadcrumb","itemListElement":[{"@type":"ListItem","position":1,"name":"Portada","item":"https:\/\/www.cerrajerovalenciacerca.com\/"},{"@type":"ListItem","position":2,"name":"Art\u00edculos"}]},{"@type":"WebSite","@id":"https:\/\/www.cerrajerovalenciacerca.com\/#website","url":"https:\/\/www.cerrajerovalenciacerca.com\/","name":"CerrajeroValenciaCerca","description":"","potentialAction":[{"@type":"SearchAction","target":{"@type":"EntryPoint","urlTemplate":"https:\/\/www.cerrajerovalenciacerca.com\/?s={search_term_string}"},"query-input":{"@type":"PropertyValueSpecification","valueRequired":true,"valueName":"search_term_string"}}],"inLanguage":"es"}]}},"_links":{"self":[{"href":"https:\/\/www.cerrajerovalenciacerca.com\/index.php\/wp-json\/wp\/v2\/pages\/267","targetHints":{"allow":["GET"]}}],"collection":[{"href":"https:\/\/www.cerrajerovalenciacerca.com\/index.php\/wp-json\/wp\/v2\/pages"}],"about":[{"href":"https:\/\/www.cerrajerovalenciacerca.com\/index.php\/wp-json\/wp\/v2\/types\/page"}],"author":[{"embeddable":true,"href":"https:\/\/www.cerrajerovalenciacerca.com\/index.php\/wp-json\/wp\/v2\/users\/1"}],"replies":[{"embeddable":true,"href":"https:\/\/www.cerrajerovalenciacerca.com\/index.php\/wp-json\/wp\/v2\/comments?post=267"}],"version-history":[{"count":0,"href":"https:\/\/www.cerrajerovalenciacerca.com\/index.php\/wp-json\/wp\/v2\/pages\/267\/revisions"}],"wp:attachment":[{"href":"https:\/\/www.cerrajerovalenciacerca.com\/index.php\/wp-json\/wp\/v2\/media?parent=267"}],"curies":[{"name":"wp","href":"https:\/\/api.w.org\/{rel}","templated":true}]}}